{"id":363,"date":"2025-10-20T12:31:44","date_gmt":"2025-10-20T16:31:44","guid":{"rendered":"https:\/\/photo-finish.app\/?page_id=363"},"modified":"2025-10-22T16:38:53","modified_gmt":"2025-10-22T20:38:53","slug":"instruction","status":"publish","type":"page","link":"https:\/\/photo-finish.app\/de\/instruction\/","title":{"rendered":"Anleitung"},"content":{"rendered":"\n\n<ol class=\"wp-block-list has-medium-font-size\">\n<li><span style=\"font-weight: 400;\">Richten Sie die Kamera auf die Ziellinie. Die durchgezogene Linie sollte auf das Ziel zeigen. Die gestrichelte Linie zeigt den Rahmen des Bildes an.<\/span><\/li>\n\n\n\n<li><span style=\"font-weight: 400;\">W\u00e4hlen Sie die richtige Richtung.<\/span><\/li>\n\n\n\n<li><span style=\"font-weight: 400;\">W\u00e4hlen Sie die passende Bildbreite.<\/span><\/li>\n\n\n\n<li><span style=\"font-weight: 400;\">Starten Sie die Stoppuhr beim Start des Rennens.<\/span><\/li>\n\n\n\n<li><span style=\"font-weight: 400;\">Wenn der Sieger die Ziellinie erreicht, klicken Sie auf die Aufnahmetaste.<\/span> Keine Sorge, wenn Sie ein wenig zu fr\u00fch oder zu sp\u00e4t klicken. Das System erfasst automatisch 3 Sekunden vor und nach dem Klick.<\/li>\n\n\n\n<li>Scrollen Sie das Ergebnisbild nach rechts und links. <span style=\"font-weight: 400;\">Finden Sie das Bild, in dem der Sieger die Ziellinie \u00fcberquert. Der Zeitstempel an der Cursorlinie zeigt das genaue Ergebnis.<\/span><\/li>\n<\/ol>\n\n\n\n<h1 class=\"wp-block-heading\"><span style=\"font-weight: 400;\">Richtung<\/span><\/h1>\n\n\n\n<p class=\"has-medium-font-size\"><span style=\"font-weight: 400;\">Die Anwendung verwendet die Schlitzfotografie-Technik. Sie kombiniert eine Serie von Einzelbildern zu einem endg\u00fcltigen Bild in chronologischer Reihenfolge. Die Skala oben im Ergebnisbild zeigt eine ungef\u00e4hre Zeitachse. Die Zahlen unten in jedem Bild zeigen die Millisekunden des Zeitstempels an.<\/span><\/p>\n\n\n\n<p class=\"has-medium-font-size\"><span style=\"font-weight: 400;\">Je nachdem, wie der Sieger die Ziellinie erreicht, ist es komfortabler, die Bilder in \u201evon links nach rechts\u201c oder \u201evon rechts nach links\u201c Reihenfolge zu kombinieren.<\/span><\/p>\n\n\n\n<h1 class=\"wp-block-heading\"><span style=\"font-weight: 400;\">Bildbreite<\/span><\/h1>\n\n\n\n<p class=\"has-medium-font-size\"><span style=\"font-weight: 400;\">Diese Einstellung h\u00e4ngt von der Entfernung zur Ziellinie und der Geschwindigkeit des Siegers ab. Wenn Sie zu nah sind oder der Sieger zu schnell ist, kann er den Bildbereich zu schnell passieren, um ein klares Bild zu erhalten. Daher ist es besser, die Bildbreite zu erh\u00f6hen. Andererseits ist die Gr\u00f6\u00dfe des endg\u00fcltigen Bildes begrenzt. Wenn das Bild zu breit ist, haben Sie weniger Zeit, um das Ergebnis des Siegers aufzuzeichnen.<\/span><\/p>\n\n\n\n<h1 class=\"wp-block-heading\"><span style=\"font-weight: 400;\">Genauigkeit<\/span><\/h1>\n\n\n\n<p class=\"has-medium-font-size\"><span style=\"font-weight: 400;\">Die gesch\u00e4tzte Stoppuhrgenauigkeit betr\u00e4gt etwa 0,05 s. Sie h\u00e4ngt haupts\u00e4chlich von der Bildrate der Ger\u00e4tekamera ab. Standardtelefone unterst\u00fctzen 30 fps, 1\/30 = 0,033 s. Wenn die Ger\u00e4teleistung gering ist, kann die App einige Bilder \u00fcberspringen.<\/span><\/p>\n\n\n\n<p class=\"has-medium-font-size\">F\u00fcr Telefone mit Hochgeschwindigkeitskamera (wie iPhone) kann die App eine maximale Kamera-FPS von 240 verwenden. Dann betr\u00e4gt die Genauigkeit 1\/240 = 0,00417 s.<\/p>\n\n\n\n<h1 class=\"wp-block-heading\"><span style=\"font-weight: 400;\">Tipps<\/span><\/h1>\n\n\n\n<ol class=\"wp-block-list has-medium-font-size\">\n<li><span style=\"font-weight: 400;\">F\u00fchren Sie vor der Verwendung der App im Olympia-Finale einige Tests durch, um sicherzustellen, dass der optimale Blickwinkel und die Einstellungen gew\u00e4hlt wurden.<\/span><\/li>\n\n\n\n<li><span style=\"font-weight: 400;\">Sie k\u00f6nnen die Lautst\u00e4rketasten verwenden, um die Stoppuhr und die Aufnahme zu starten.<\/span><\/li>\n\n\n\n<li><span style=\"font-weight: 400;\">Verwenden Sie ein Stativ oder eine andere Stabilisierungsmethode f\u00fcr die Kamera, um ruhige Bilder zu erhalten.<\/span><\/li>\n\n\n\n<li><span style=\"font-weight: 400;\">Um das Ger\u00e4t direkt auf die Ziellinie auszurichten, k\u00f6nnen Sie Kopfh\u00f6rer oder Bluetooth-Fernbedienung vom Selfie-Stick verwenden.<\/span><\/li>\n\n\n\n<li><span style=\"font-weight: 400;\">Nehmen Sie aus verschiedenen Positionen auf, um sicherzustellen, dass alle Athleten und die Ziellinie sichtbar sind.<\/span><\/li>\n\n\n\n<li><span style=\"font-weight: 400;\">Stellen Sie sicher, dass Ihr Ger\u00e4t aufgeladen ist.<\/span><\/li>\n\n\n\n<li><span style=\"font-weight: 400;\">Wenn der Kontrast nicht ausreicht, k\u00f6nnen Sie hinter der Ziellinie einen wei\u00dfen Hintergrund anbringen.<\/span><\/li>\n<\/ol>\n\n\n\n<h1 class=\"wp-block-heading\"><span style=\"font-weight: 400;\">Zusatzfunktionen<\/span><\/h1>\n\n\n\n<ol class=\"wp-block-list has-medium-font-size\">\n<li><span style=\"font-weight: 400;\">Verwenden Sie die Galerie, um die Historie der Ergebnisbilder anzusehen.<\/span><\/li>\n\n\n\n<li>Wenn Ihr Telefon eine Hochgeschwindigkeitskamera hat, aktivieren Sie die Einstellung \u201eMaximale Kamerageschwindigkeit verwenden\u201c, um die Genauigkeit zu erh\u00f6hen.<\/li>\n\n\n\n<li><span style=\"font-weight: 400;\">Teilen Sie Ergebnisbilder mit Freunden.<\/span><\/li>\n\n\n\n<li><span style=\"font-weight: 400;\">Verwenden Sie die Pinch-Geste oder Doppelklick, um das Ergebnisbild zu zoomen.<\/span><\/li>\n\n\n\n<li><span style=\"font-weight: 400;\">Verwenden Sie Lautst\u00e4rketasten, Bluetooth-Steuerung oder Kopfh\u00f6rer, um Stoppuhr und Aufnahme zu starten\/stoppen, wenn das Ger\u00e4t auf dem Stativ fixiert ist.<\/span><\/li>\n\n\n\n<li><span style=\"font-weight: 400;\">Verwenden Sie die App-Einstellungen, um maximale Ergebnisbreite, Skalenfarbe, Ton usw. zu steuern.<\/span><\/li>\n\n\n\n<li><span style=\"font-weight: 400;\">Verwenden Sie Ihr Ger\u00e4t als Startpistole. Es wird den Schuss wiedergeben und ein Lichtsignal f\u00fcr den Start geben.<\/span><\/li>\n\n\n\n<li>F\u00fcgen Sie Zielflaggen hinzu, um Bilder mit Ergebnissen zu markieren.<\/li>\n\n\n\n<li>Verwenden Sie den Kopier-\/Einf\u00fcgemodus, um die Zeit zwischen zwei Ereignissen zu messen. Beispielsweise k\u00f6nnen Sie den Startblitz aufnehmen, den Zeitstempel des Startbildes kopieren, dann den Zielmoment aufnehmen und den Startzeitstempel verwenden, um die Ziel-Zeitstempel neu zu berechnen. Die Ergebnis-Zeitstempel zeigen die seit dem Start vergangene Zeit an.<\/li>\n\n\n\n<li>Verwenden Sie den Kopier-\/Einf\u00fcgemodus, um die genaue Startzeit der Stoppuhr festzulegen. Nehmen Sie den Startblitz auf, kopieren Sie den Zeitstempel des Startbildes und f\u00fcgen Sie ihn als Start der Stoppuhr ein.<\/li>\n\n\n\n<li>Synchronisieren Sie die Stoppuhr zwischen mehreren Ger\u00e4ten. Legen Sie das Hauptger\u00e4t als Server fest und erhalten Sie die Server-ID. Stellen Sie andere Ger\u00e4te als Clients ein und geben Sie die Server-ID ein, um sie zu verbinden. Die Clients zeigen die Stoppuhr des Hauptger\u00e4ts an. Startet oder zur\u00fcckgesetzt wird, synchronisieren sich die Clients automatisch. Diese Funktion verwendet NTP-Technologie f\u00fcr pr\u00e4zise Synchronisation, selbst wenn die Ger\u00e4tezeit ungenau ist.<\/li>\n\n\n\n<li>Verwenden Sie den Kopier-\/Einf\u00fcgemodus, um die exakte Startzeit festzulegen, und machen Sie dieses Ger\u00e4t zum Synchronisationsserver. Mehrere Ger\u00e4te haben dann die genaue Stoppuhr.<\/li>\n<\/ol>\n\n\n\n<p><\/p>\n","protected":false},"excerpt":{"rendered":"<p>Richtung Die Anwendung verwendet die Schlitzfotografie-Technik. Sie kombiniert eine Serie von Einzelbildern zu einem endg\u00fcltigen Bild in chronologischer Reihenfolge. Die Skala oben im Ergebnisbild zeigt eine ungef\u00e4hre Zeitachse. Die Zahlen unten in jedem Bild zeigen die Millisekunden des Zeitstempels an. Je nachdem, wie der Sieger die Ziellinie erreicht, ist es komfortabler, die Bilder in \u201evon &hellip; <\/p>\n<p class=\"link-more\"><a href=\"https:\/\/photo-finish.app\/de\/instruction\/\" class=\"more-link\"><span class=\"screen-reader-text\">\u201eAnleitung\u201c<\/span> weiterlesen<\/a><\/p>\n","protected":false},"author":1,"featured_media":137,"parent":0,"menu_order":0,"comment_status":"closed","ping_status":"closed","template":"","meta":{"footnotes":""},"class_list":["post-363","page","type-page","status-publish","has-post-thumbnail","hentry"],"translation":{"provider":"WPGlobus","version":"3.0.2","language":"de","enabled_languages":["en","es","de","fr","ru","zh","it","ja","ko","el","pt"],"languages":{"en":{"title":true,"content":true,"excerpt":false},"es":{"title":true,"content":true,"excerpt":false},"de":{"title":true,"content":true,"excerpt":false},"fr":{"title":true,"content":true,"excerpt":false},"ru":{"title":true,"content":true,"excerpt":false},"zh":{"title":true,"content":true,"excerpt":false},"it":{"title":true,"content":true,"excerpt":false},"ja":{"title":true,"content":true,"excerpt":false},"ko":{"title":true,"content":true,"excerpt":false},"el":{"title":true,"content":true,"excerpt":false},"pt":{"title":true,"content":true,"excerpt":false}}},"_links":{"self":[{"href":"https:\/\/photo-finish.app\/de\/wp-json\/wp\/v2\/pages\/363","targetHints":{"allow":["GET"]}}],"collection":[{"href":"https:\/\/photo-finish.app\/de\/wp-json\/wp\/v2\/pages"}],"about":[{"href":"https:\/\/photo-finish.app\/de\/wp-json\/wp\/v2\/types\/page"}],"author":[{"embeddable":true,"href":"https:\/\/photo-finish.app\/de\/wp-json\/wp\/v2\/users\/1"}],"replies":[{"embeddable":true,"href":"https:\/\/photo-finish.app\/de\/wp-json\/wp\/v2\/comments?post=363"}],"version-history":[{"count":11,"href":"https:\/\/photo-finish.app\/de\/wp-json\/wp\/v2\/pages\/363\/revisions"}],"predecessor-version":[{"id":691,"href":"https:\/\/photo-finish.app\/de\/wp-json\/wp\/v2\/pages\/363\/revisions\/691"}],"wp:featuredmedia":[{"embeddable":true,"href":"https:\/\/photo-finish.app\/de\/wp-json\/wp\/v2\/media\/137"}],"wp:attachment":[{"href":"https:\/\/photo-finish.app\/de\/wp-json\/wp\/v2\/media?parent=363"}],"curies":[{"name":"wp","href":"https:\/\/api.w.org\/{rel}","templated":true}]}}