{"id":11,"date":"2021-03-19T15:02:18","date_gmt":"2021-03-19T19:02:18","guid":{"rendered":"http:\/\/photo-finish.app\/?page_id=11"},"modified":"2025-10-22T16:10:16","modified_gmt":"2025-10-22T20:10:16","slug":"news-2","status":"publish","type":"page","link":"https:\/\/photo-finish.app\/es\/news-2\/","title":{"rendered":"Noticias"},"content":{"rendered":"<ul class=\"wp-block-latest-posts__list has-dates wp-block-latest-posts\"><li><a class=\"wp-block-latest-posts__post-title\" href=\"https:\/\/photo-finish.app\/es\/2025\/10\/21\/save-video-feature-added\/\">Funci\u00f3n de guardar video a\u00f1adida<\/a><time datetime=\"2025-10-21T11:49:51-04:00\" class=\"wp-block-latest-posts__post-date\">2025-10-21<\/time><div class=\"wp-block-latest-posts__post-excerpt\">Nueva funci\u00f3n en la versi\u00f3n de Android. Ahora no solo puedes obtener la imagen de photo-finish, sino tambi\u00e9n grabar el video en c\u00e1mara lenta de la llegada. Graba el mismo per\u00edodo: 2 segundos antes y 2 segundos despu\u00e9s de pulsar el bot\u00f3n de grabar.<\/div><\/li>\n<li><a class=\"wp-block-latest-posts__post-title\" href=\"https:\/\/photo-finish.app\/es\/2025\/08\/12\/online-version-released\/\">Versi\u00f3n web publicada<\/a><time datetime=\"2025-08-12T17:12:39-04:00\" class=\"wp-block-latest-posts__post-date\">2025-08-12<\/time><div class=\"wp-block-latest-posts__post-excerpt\">La versi\u00f3n en l\u00ednea funciona ahora en modo beta. Pru\u00e9balo gratis https:\/\/photo-finish.app\/web\/ Trabajando para a\u00f1adir m\u00e1s funciones.<\/div><\/li>\n<li><a class=\"wp-block-latest-posts__post-title\" href=\"https:\/\/photo-finish.app\/es\/2025\/01\/22\/one-click-recording-feature-is-released-on-android-iphone-mac\/\">Funcionalidad de grabaci\u00f3n con un clic lanzada en Android, iPhone, Mac<\/a><time datetime=\"2025-01-22T16:05:00-05:00\" class=\"wp-block-latest-posts__post-date\">2025-01-22<\/time><div class=\"wp-block-latest-posts__post-excerpt\">Ahora no necesitas iniciar y detener la grabaci\u00f3n. Simplemente haz clic en el bot\u00f3n Grabar cuando el atleta cruce la l\u00ednea de meta. No te preocupes si haces clic un poco temprano o tarde. La aplicaci\u00f3n grabar\u00e1 autom\u00e1ticamente 3 segundos antes y 3 segundos despu\u00e9s del clic. Si varios atletas cruzan la meta, puedes hacer &hellip; <p class=\"link-more\"><a href=\"https:\/\/photo-finish.app\/es\/2025\/01\/22\/one-click-recording-feature-is-released-on-android-iphone-mac\/\" class=\"more-link\">Continuar leyendo<span class=\"screen-reader-text\"> \u00abFuncionalidad de grabaci\u00f3n con un clic lanzada en Android, iPhone, Mac\u00bb<\/span><\/a><\/p><\/div><\/li>\n<li><a class=\"wp-block-latest-posts__post-title\" href=\"https:\/\/photo-finish.app\/es\/2023\/07\/28\/iphone-and-ipad-version-released\/\">Versi\u00f3n para iPhone y iPad publicada<\/a><time datetime=\"2023-07-28T11:10:03-04:00\" class=\"wp-block-latest-posts__post-date\">2023-07-28<\/time><div class=\"wp-block-latest-posts__post-excerpt\">Ahora la aplicaci\u00f3n est\u00e1 disponible en la plataforma iOS. https:\/\/apps.apple.com\/cy\/app\/photo-finish-app\/id1638534762<\/div><\/li>\n<li><a class=\"wp-block-latest-posts__post-title\" href=\"https:\/\/photo-finish.app\/es\/2022\/10\/17\/the-mac-version-is-released\/\">Versi\u00f3n Mac publicada<\/a><time datetime=\"2022-10-17T13:16:12-04:00\" class=\"wp-block-latest-posts__post-date\">2022-10-17<\/time><div class=\"wp-block-latest-posts__post-excerpt\">Disfruta de nuestra aplicaci\u00f3n en la plataforma de escritorio. Ahora est\u00e1 disponible en la App Store para MacOs a partir de Mojave (10.16). Permite usar la c\u00e1mara web USB para obtener im\u00e1genes de foto finish. https:\/\/apps.apple.com\/app\/photo-finish-app\/id1638534762<\/div><\/li>\n<li><a class=\"wp-block-latest-posts__post-title\" href=\"https:\/\/photo-finish.app\/es\/2022\/02\/22\/2-0-version-released\/\">Versi\u00f3n 2.0 publicada<\/a><time datetime=\"2022-02-22T11:34:57-05:00\" class=\"wp-block-latest-posts__post-date\">2022-02-22<\/time><div class=\"wp-block-latest-posts__post-excerpt\">Presentamos la nueva funci\u00f3n de \u00absincronizaci\u00f3n de cron\u00f3metro\u00bb. 1. Ahora puedes \u00abcompartir\u00bb el tiempo de inicio del cron\u00f3metro entre dispositivos. 2. Configura el cron\u00f3metro principal como servidor. Se generar\u00e1 un ID de servidor. 3. Configura otros dispositivos como clientes e ingresa el ID del servidor. Ahora el tiempo del cron\u00f3metro en todos los dispositivos cliente &hellip; <p class=\"link-more\"><a href=\"https:\/\/photo-finish.app\/es\/2022\/02\/22\/2-0-version-released\/\" class=\"more-link\">Continuar leyendo<span class=\"screen-reader-text\"> \u00abVersi\u00f3n 2.0 publicada\u00bb<\/span><\/a><\/p><\/div><\/li>\n<li><a class=\"wp-block-latest-posts__post-title\" href=\"https:\/\/photo-finish.app\/es\/2021\/12\/25\/the-new-1-10-version-is-released\/\">La nueva versi\u00f3n 1.10 ha sido publicada<\/a><time datetime=\"2021-12-25T13:39:39-05:00\" class=\"wp-block-latest-posts__post-date\">2021-12-25<\/time><div class=\"wp-block-latest-posts__post-excerpt\">Ahora puedes usar un gesto de pellizco o doble clic para escalar la imagen resultante. La configuraci\u00f3n de la aplicaci\u00f3n ahora puede controlar el color de la escala.<\/div><\/li>\n<li><a class=\"wp-block-latest-posts__post-title\" href=\"https:\/\/photo-finish.app\/es\/2021\/04\/14\/we-are-alive\/\">\u00a1La primera versi\u00f3n ha sido publicada!<\/a><time datetime=\"2021-04-14T10:11:43-04:00\" class=\"wp-block-latest-posts__post-date\">2021-04-14<\/time><div class=\"wp-block-latest-posts__post-excerpt\">Encuentra nuestra aplicaci\u00f3n en Google Play. https:\/\/play.google.com\/store\/apps\/details?id=com.photofinish<\/div><\/li>\n<\/ul>","protected":false},"excerpt":{"rendered":"","protected":false},"author":1,"featured_media":65,"parent":0,"menu_order":0,"comment_status":"closed","ping_status":"closed","template":"","meta":{"footnotes":""},"class_list":["post-11","page","type-page","status-publish","has-post-thumbnail","hentry"],"translation":{"provider":"WPGlobus","version":"3.0.2","language":"es","enabled_languages":["en","es","de","fr","ru","zh","it","ja","ko","el","pt"],"languages":{"en":{"title":true,"content":true,"excerpt":false},"es":{"title":true,"content":true,"excerpt":false},"de":{"title":true,"content":true,"excerpt":false},"fr":{"title":true,"content":true,"excerpt":false},"ru":{"title":true,"content":true,"excerpt":false},"zh":{"title":true,"content":true,"excerpt":false},"it":{"title":true,"content":true,"excerpt":false},"ja":{"title":true,"content":true,"excerpt":false},"ko":{"title":true,"content":true,"excerpt":false},"el":{"title":true,"content":true,"excerpt":false},"pt":{"title":true,"content":true,"excerpt":false}}},"_links":{"self":[{"href":"https:\/\/photo-finish.app\/es\/wp-json\/wp\/v2\/pages\/11","targetHints":{"allow":["GET"]}}],"collection":[{"href":"https:\/\/photo-finish.app\/es\/wp-json\/wp\/v2\/pages"}],"about":[{"href":"https:\/\/photo-finish.app\/es\/wp-json\/wp\/v2\/types\/page"}],"author":[{"embeddable":true,"href":"https:\/\/photo-finish.app\/es\/wp-json\/wp\/v2\/users\/1"}],"replies":[{"embeddable":true,"href":"https:\/\/photo-finish.app\/es\/wp-json\/wp\/v2\/comments?post=11"}],"version-history":[{"count":25,"href":"https:\/\/photo-finish.app\/es\/wp-json\/wp\/v2\/pages\/11\/revisions"}],"predecessor-version":[{"id":662,"href":"https:\/\/photo-finish.app\/es\/wp-json\/wp\/v2\/pages\/11\/revisions\/662"}],"wp:featuredmedia":[{"embeddable":true,"href":"https:\/\/photo-finish.app\/es\/wp-json\/wp\/v2\/media\/65"}],"wp:attachment":[{"href":"https:\/\/photo-finish.app\/es\/wp-json\/wp\/v2\/media?parent=11"}],"curies":[{"name":"wp","href":"https:\/\/api.w.org\/{rel}","templated":true}]}}