{"id":483,"date":"2025-10-20T16:42:40","date_gmt":"2025-10-20T20:42:40","guid":{"rendered":"https:\/\/photo-finish.app\/?page_id=483"},"modified":"2025-10-22T16:18:55","modified_gmt":"2025-10-22T20:18:55","slug":"privacy-policy","status":"publish","type":"page","link":"https:\/\/photo-finish.app\/es\/contacts-2\/privacy-policy\/","title":{"rendered":"Pol\u00edtica de privacidad"},"content":{"rendered":"<h2>Pol\u00edtica de privacidad de Photo-finish<\/h2>\n<h3>Fecha de entrada en vigor: 2025-10-02<\/h3>\n<p class=\"has-medium-font-size\">Sport app studio (\u00abnosotros\u00bb o \u00abnuestro\u00bb) desarroll\u00f3 la aplicaci\u00f3n Photo-finish (el \u00abServicio\u00bb) como una aplicaci\u00f3n comercial. Este Servicio es proporcionado por Sport app studio y est\u00e1 destinado a ser utilizado tal cual.<\/p>\n<p class=\"has-medium-font-size\">Esta p\u00e1gina le informa sobre nuestras pol\u00edticas con respecto a la recopilaci\u00f3n, el uso y la divulgaci\u00f3n de datos personales cuando utiliza nuestro Servicio y las opciones que tiene en relaci\u00f3n con esos datos.<\/p>\n<p class=\"has-medium-font-size\">Al usar el Servicio, acepta la recopilaci\u00f3n y el uso de la informaci\u00f3n de acuerdo con esta pol\u00edtica. Los t\u00e9rminos utilizados en esta Pol\u00edtica de privacidad tienen el mismo significado que en nuestros T\u00e9rminos y condiciones, disponibles en Photo-finish, salvo que se defina lo contrario en esta Pol\u00edtica de privacidad.<\/p>\n<h3>Recopilaci\u00f3n y uso de informaci\u00f3n<\/h3>\n<p class=\"has-medium-font-size\">Recopilamos diferentes tipos de informaci\u00f3n para diversos fines con el fin de proporcionar y mejorar nuestro Servicio.<\/p>\n<h4>1. Datos recopilados<\/h4>\n<h5>Acceso a la c\u00e1mara<\/h5>\n<p>Nuestro Servicio requiere acceso a la c\u00e1mara de su dispositivo. Este acceso se utiliza \u00fanicamente para la funcionalidad principal de la aplicaci\u00f3n, que es capturar fotos y videos para el an\u00e1lisis photo-finish. Las im\u00e1genes y videos capturados se procesan y almacenan localmente en su dispositivo. No subimos ni almacenamos sus fotos o videos en nuestros servidores.<\/p>\n<h5>Datos de registro<\/h5>\n<p>En caso de un error en la aplicaci\u00f3n, podemos recopilar informaci\u00f3n en su tel\u00e9fono llamada Datos de registro. Esto se hace a trav\u00e9s de servicios de terceros. Estos datos pueden incluir la direcci\u00f3n IP de su dispositivo, el nombre del dispositivo, la versi\u00f3n del sistema operativo, la configuraci\u00f3n de la aplicaci\u00f3n cuando ocurri\u00f3 el error, la hora y la fecha de uso del Servicio y otras estad\u00edsticas de diagn\u00f3stico. Estos datos se utilizan exclusivamente para identificar y corregir errores y mejorar la estabilidad de la aplicaci\u00f3n.<\/p>\n<h4>2. Servicios de terceros<\/h4>\n<p class=\"has-medium-font-size\">Nuestra aplicaci\u00f3n utiliza servicios de terceros que pueden recopilar informaci\u00f3n. A continuaci\u00f3n se muestra una lista de los servicios de terceros que utilizamos y enlaces a sus pol\u00edticas de privacidad.<\/p>\n<ul>\n<li><strong>Ejemplo de informes de fallos:<\/strong> <code>Firebase Crashlytics<\/code> \u2013 Utilizamos este servicio para identificar errores y fallos en nuestra aplicaci\u00f3n y mejorar su estabilidad. (<a href=\"https:\/\/firebase.google.com\/support\/privacy\" target=\"_blank\" rel=\"noreferrer noopener\">Enlace a la pol\u00edtica de privacidad de Firebase<\/a>)<\/li>\n<li><strong>Ejemplo de an\u00e1lisis:<\/strong> <code>Google Analytics for Firebase<\/code> \u2013 Utilizamos este servicio para comprender c\u00f3mo los usuarios interact\u00faan con nuestra aplicaci\u00f3n y mejorar la experiencia del usuario. (<a href=\"https:\/\/policies.google.com\/privacy\" target=\"_blank\" rel=\"noreferrer noopener\">Enlace a la pol\u00edtica de Google<\/a>)<\/li>\n<\/ul>\n<h3>Retenci\u00f3n y eliminaci\u00f3n de datos<\/h3>\n<p class=\"has-medium-font-size\">Conservamos los Datos de registro durante un per\u00edodo limitado con el fin de corregir errores y realizar an\u00e1lisis. Dado que todas las fotos y videos se almacenan localmente en su dispositivo, no tenemos acceso a ellos ni podemos eliminarlos. Usted tiene el control total de estos datos y puede eliminarlos de su dispositivo en cualquier momento.<\/p>\n<p class=\"has-medium-font-size\">Si nos ha proporcionado otros datos personales y desea solicitar su eliminaci\u00f3n, comun\u00edquese con nosotros en <strong>support@photo-finish.app<\/strong>. Responderemos a su solicitud de acuerdo con las leyes aplicables.<\/p>\n<h3>Seguridad<\/h3>\n<p class=\"has-medium-font-size\">Valoramos su confianza al proporcionarnos su informaci\u00f3n personal. Aunque nos esforzamos por utilizar medios comercialmente aceptables para protegerla, recuerde que ning\u00fan m\u00e9todo de transmisi\u00f3n por Internet ni de almacenamiento electr\u00f3nico es 100 % seguro y confiable, y no podemos garantizar su seguridad absoluta.<\/p>\n<h3>Enlaces a otros sitios<\/h3>\n<p class=\"has-medium-font-size\">Este Servicio puede contener enlaces a otros sitios. Si hace clic en un enlace de un tercero, ser\u00e1 dirigido a ese sitio. Tenga en cuenta que estos sitios externos no son operados por nosotros. Por lo tanto, le recomendamos encarecidamente que revise la Pol\u00edtica de privacidad de esos sitios web. No tenemos control ni asumimos responsabilidad alguna por el contenido, las pol\u00edticas de privacidad o las pr\u00e1cticas de sitios o servicios de terceros.<\/p>\n<h3>Privacidad de los ni\u00f1os<\/h3>\n<p class=\"has-medium-font-size\">Nuestro Servicio no est\u00e1 dirigido a menores de 13 a\u00f1os. No recopilamos conscientemente informaci\u00f3n personal identificable de ni\u00f1os menores de 13 a\u00f1os. Si descubrimos que un ni\u00f1o menor de 13 a\u00f1os nos ha proporcionado informaci\u00f3n personal, la eliminaremos de inmediato. Si usted es padre o tutor y sabe que su hijo nos ha proporcionado informaci\u00f3n personal, cont\u00e1ctenos para que podamos tomar las medidas necesarias.<\/p>\n<h3>Cambios en esta Pol\u00edtica de privacidad<\/h3>\n<p class=\"has-medium-font-size\">Podemos actualizar nuestra Pol\u00edtica de privacidad de vez en cuando. Por lo tanto, le recomendamos que revise esta p\u00e1gina peri\u00f3dicamente para conocer los cambios. Le notificaremos sobre cualquier cambio publicando la nueva Pol\u00edtica de privacidad en esta p\u00e1gina. Estos cambios entran en vigor inmediatamente despu\u00e9s de su publicaci\u00f3n.<\/p>\n<h3>Cont\u00e1ctenos<\/h3>\n<p class=\"has-medium-font-size\">Si tiene alguna pregunta o sugerencia sobre nuestra Pol\u00edtica de privacidad, no dude en contactarnos en <strong>support@photo-finish.app<\/strong>.<\/p>\n","protected":false},"excerpt":{"rendered":"<p>Pol\u00edtica de privacidad de Photo-finish Fecha de entrada en vigor: 2025-10-02 Sport app studio (\u00abnosotros\u00bb o \u00abnuestro\u00bb) desarroll\u00f3 la aplicaci\u00f3n Photo-finish (el \u00abServicio\u00bb) como una aplicaci\u00f3n comercial. Este Servicio es proporcionado por Sport app studio y est\u00e1 destinado a ser utilizado tal cual. Esta p\u00e1gina le informa sobre nuestras pol\u00edticas con respecto a la recopilaci\u00f3n, &hellip; <\/p>\n<p class=\"link-more\"><a href=\"https:\/\/photo-finish.app\/es\/contacts-2\/privacy-policy\/\" class=\"more-link\">Continuar leyendo<span class=\"screen-reader-text\"> \u00abPol\u00edtica de privacidad\u00bb<\/span><\/a><\/p>\n","protected":false},"author":1,"featured_media":56,"parent":411,"menu_order":0,"comment_status":"closed","ping_status":"closed","template":"","meta":{"footnotes":""},"class_list":["post-483","page","type-page","status-publish","has-post-thumbnail","hentry"],"translation":{"provider":"WPGlobus","version":"3.0.2","language":"es","enabled_languages":["en","es","de","fr","ru","zh","it","ja","ko","el","pt"],"languages":{"en":{"title":true,"content":true,"excerpt":false},"es":{"title":true,"content":true,"excerpt":false},"de":{"title":true,"content":true,"excerpt":false},"fr":{"title":true,"content":true,"excerpt":false},"ru":{"title":true,"content":true,"excerpt":false},"zh":{"title":true,"content":true,"excerpt":false},"it":{"title":true,"content":true,"excerpt":false},"ja":{"title":true,"content":true,"excerpt":false},"ko":{"title":true,"content":true,"excerpt":false},"el":{"title":true,"content":true,"excerpt":false},"pt":{"title":true,"content":true,"excerpt":false}}},"_links":{"self":[{"href":"https:\/\/photo-finish.app\/es\/wp-json\/wp\/v2\/pages\/483","targetHints":{"allow":["GET"]}}],"collection":[{"href":"https:\/\/photo-finish.app\/es\/wp-json\/wp\/v2\/pages"}],"about":[{"href":"https:\/\/photo-finish.app\/es\/wp-json\/wp\/v2\/types\/page"}],"author":[{"embeddable":true,"href":"https:\/\/photo-finish.app\/es\/wp-json\/wp\/v2\/users\/1"}],"replies":[{"embeddable":true,"href":"https:\/\/photo-finish.app\/es\/wp-json\/wp\/v2\/comments?post=483"}],"version-history":[{"count":11,"href":"https:\/\/photo-finish.app\/es\/wp-json\/wp\/v2\/pages\/483\/revisions"}],"predecessor-version":[{"id":672,"href":"https:\/\/photo-finish.app\/es\/wp-json\/wp\/v2\/pages\/483\/revisions\/672"}],"up":[{"embeddable":true,"href":"https:\/\/photo-finish.app\/es\/wp-json\/wp\/v2\/pages\/411"}],"wp:featuredmedia":[{"embeddable":true,"href":"https:\/\/photo-finish.app\/es\/wp-json\/wp\/v2\/media\/56"}],"wp:attachment":[{"href":"https:\/\/photo-finish.app\/es\/wp-json\/wp\/v2\/media?parent=483"}],"curies":[{"name":"wp","href":"https:\/\/api.w.org\/{rel}","templated":true}]}}