{"id":11,"date":"2021-03-19T15:02:18","date_gmt":"2021-03-19T19:02:18","guid":{"rendered":"http:\/\/photo-finish.app\/?page_id=11"},"modified":"2025-10-22T16:10:16","modified_gmt":"2025-10-22T20:10:16","slug":"news-2","status":"publish","type":"page","link":"https:\/\/photo-finish.app\/fr\/news-2\/","title":{"rendered":"Actualit\u00e9s"},"content":{"rendered":"<ul class=\"wp-block-latest-posts__list has-dates wp-block-latest-posts\"><li><a class=\"wp-block-latest-posts__post-title\" href=\"https:\/\/photo-finish.app\/fr\/2025\/10\/21\/save-video-feature-added\/\">Fonction d\u2019enregistrement vid\u00e9o ajout\u00e9e<\/a><time datetime=\"2025-10-21T11:49:51-04:00\" class=\"wp-block-latest-posts__post-date\">2025-10-21<\/time><div class=\"wp-block-latest-posts__post-excerpt\">Nouvelle fonctionnalit\u00e9 dans la version Android. Vous pouvez d\u00e9sormais non seulement obtenir l\u2019image photo-finish, mais aussi enregistrer la vid\u00e9o au ralenti de l\u2019arriv\u00e9e. Elle enregistre la m\u00eame p\u00e9riode : 2 secondes avant et 2 secondes apr\u00e8s avoir appuy\u00e9 sur le bouton d\u2019enregistrement.<\/div><\/li>\n<li><a class=\"wp-block-latest-posts__post-title\" href=\"https:\/\/photo-finish.app\/fr\/2025\/08\/12\/online-version-released\/\">Version web publi\u00e9e<\/a><time datetime=\"2025-08-12T17:12:39-04:00\" class=\"wp-block-latest-posts__post-date\">2025-08-12<\/time><div class=\"wp-block-latest-posts__post-excerpt\">Version web publi\u00e9e La version en ligne fonctionne maintenant en mode b\u00eata. Essayez-la gratuitement https:\/\/photo-finish.app\/web\/ Nous travaillons \u00e0 ajouter plus de fonctionnalit\u00e9s.<\/div><\/li>\n<li><a class=\"wp-block-latest-posts__post-title\" href=\"https:\/\/photo-finish.app\/fr\/2025\/01\/22\/one-click-recording-feature-is-released-on-android-iphone-mac\/\">Fonctionnalit\u00e9 d&rsquo;enregistrement en un clic publi\u00e9e sur Android, iPhone, Mac<\/a><time datetime=\"2025-01-22T16:05:00-05:00\" class=\"wp-block-latest-posts__post-date\">2025-01-22<\/time><div class=\"wp-block-latest-posts__post-excerpt\">Vous n&rsquo;avez plus besoin de d\u00e9marrer et d&rsquo;arr\u00eater l&rsquo;enregistrement. Cliquez simplement sur le bouton d&rsquo;enregistrement lorsque l&rsquo;athl\u00e8te franchit la ligne d&rsquo;arriv\u00e9e. Ne vous inqui\u00e9tez pas si vous cliquez un peu t\u00f4t ou tard. L&rsquo;application enregistrera automatiquement 3 secondes avant et 3 secondes apr\u00e8s le clic. Si plusieurs athl\u00e8tes franchissent l&rsquo;arriv\u00e9e, vous pouvez cliquer sur Enregistrer &hellip; <p class=\"link-more\"><a href=\"https:\/\/photo-finish.app\/fr\/2025\/01\/22\/one-click-recording-feature-is-released-on-android-iphone-mac\/\" class=\"more-link\">Continuer la lecture<span class=\"screen-reader-text\"> de &laquo;&nbsp;Fonctionnalit\u00e9 d&rsquo;enregistrement en un clic publi\u00e9e sur Android, iPhone, Mac&nbsp;&raquo;<\/span><\/a><\/p><\/div><\/li>\n<li><a class=\"wp-block-latest-posts__post-title\" href=\"https:\/\/photo-finish.app\/fr\/2023\/07\/28\/iphone-and-ipad-version-released\/\">Version iPhone et iPad publi\u00e9e<\/a><time datetime=\"2023-07-28T11:10:03-04:00\" class=\"wp-block-latest-posts__post-date\">2023-07-28<\/time><div class=\"wp-block-latest-posts__post-excerpt\">L&rsquo;application est maintenant disponible sur la plateforme iOS. https:\/\/apps.apple.com\/cy\/app\/photo-finish-app\/id1638534762<\/div><\/li>\n<li><a class=\"wp-block-latest-posts__post-title\" href=\"https:\/\/photo-finish.app\/fr\/2022\/10\/17\/the-mac-version-is-released\/\">Version Mac publi\u00e9e<\/a><time datetime=\"2022-10-17T13:16:12-04:00\" class=\"wp-block-latest-posts__post-date\">2022-10-17<\/time><div class=\"wp-block-latest-posts__post-excerpt\">Profitez de notre application sur la plateforme de bureau. Elle est maintenant disponible sur l&rsquo;App Store pour MacOs \u00e0 partir de Mojave (10.16). Elle permet d&rsquo;utiliser une webcam USB pour obtenir des images de photo finish. https:\/\/apps.apple.com\/app\/photo-finish-app\/id1638534762<\/div><\/li>\n<li><a class=\"wp-block-latest-posts__post-title\" href=\"https:\/\/photo-finish.app\/fr\/2022\/02\/22\/2-0-version-released\/\">Version 2.0 publi\u00e9e<\/a><time datetime=\"2022-02-22T11:34:57-05:00\" class=\"wp-block-latest-posts__post-date\">2022-02-22<\/time><div class=\"wp-block-latest-posts__post-excerpt\">Pr\u00e9sentation de la nouvelle fonctionnalit\u00e9 \u00ab\u00a0synchronisation du chronom\u00e8tre\u00a0\u00bb. 1. Maintenant vous pouvez \u00ab\u00a0partager\u00a0\u00bb l&rsquo;heure de d\u00e9part du chronom\u00e8tre entre les appareils. 2. D\u00e9finissez le chronom\u00e8tre principal comme serveur. Un ID serveur sera g\u00e9n\u00e9r\u00e9. 3. D\u00e9finissez d&rsquo;autres appareils comme clients et entrez l&rsquo;ID du serveur. Maintenant l&rsquo;heure du chronom\u00e8tre sur tous les appareils clients sera synchronis\u00e9e &hellip; <p class=\"link-more\"><a href=\"https:\/\/photo-finish.app\/fr\/2022\/02\/22\/2-0-version-released\/\" class=\"more-link\">Continuer la lecture<span class=\"screen-reader-text\"> de &laquo;&nbsp;Version 2.0 publi\u00e9e&nbsp;&raquo;<\/span><\/a><\/p><\/div><\/li>\n<li><a class=\"wp-block-latest-posts__post-title\" href=\"https:\/\/photo-finish.app\/fr\/2021\/12\/25\/the-new-1-10-version-is-released\/\">La nouvelle version 1.10 est publi\u00e9e<\/a><time datetime=\"2021-12-25T13:39:39-05:00\" class=\"wp-block-latest-posts__post-date\">2021-12-25<\/time><div class=\"wp-block-latest-posts__post-excerpt\">Vous pouvez maintenant utiliser un geste de pincement ou un double-clic pour mettre \u00e0 l&rsquo;\u00e9chelle l&rsquo;image r\u00e9sultante. Les param\u00e8tres de l&rsquo;application peuvent maintenant contr\u00f4ler la couleur de l&rsquo;\u00e9chelle.<\/div><\/li>\n<li><a class=\"wp-block-latest-posts__post-title\" href=\"https:\/\/photo-finish.app\/fr\/2021\/04\/14\/we-are-alive\/\">La premi\u00e8re version est publi\u00e9e !<\/a><time datetime=\"2021-04-14T10:11:43-04:00\" class=\"wp-block-latest-posts__post-date\">2021-04-14<\/time><div class=\"wp-block-latest-posts__post-excerpt\">Retrouvez notre application sur Google Play. https:\/\/play.google.com\/store\/apps\/details?id=com.photofinish<\/div><\/li>\n<\/ul>","protected":false},"excerpt":{"rendered":"","protected":false},"author":1,"featured_media":65,"parent":0,"menu_order":0,"comment_status":"closed","ping_status":"closed","template":"","meta":{"footnotes":""},"class_list":["post-11","page","type-page","status-publish","has-post-thumbnail","hentry"],"translation":{"provider":"WPGlobus","version":"3.0.2","language":"fr","enabled_languages":["en","es","de","fr","ru","zh","it","ja","ko","el","pt"],"languages":{"en":{"title":true,"content":true,"excerpt":false},"es":{"title":true,"content":true,"excerpt":false},"de":{"title":true,"content":true,"excerpt":false},"fr":{"title":true,"content":true,"excerpt":false},"ru":{"title":true,"content":true,"excerpt":false},"zh":{"title":true,"content":true,"excerpt":false},"it":{"title":true,"content":true,"excerpt":false},"ja":{"title":true,"content":true,"excerpt":false},"ko":{"title":true,"content":true,"excerpt":false},"el":{"title":true,"content":true,"excerpt":false},"pt":{"title":true,"content":true,"excerpt":false}}},"_links":{"self":[{"href":"https:\/\/photo-finish.app\/fr\/wp-json\/wp\/v2\/pages\/11","targetHints":{"allow":["GET"]}}],"collection":[{"href":"https:\/\/photo-finish.app\/fr\/wp-json\/wp\/v2\/pages"}],"about":[{"href":"https:\/\/photo-finish.app\/fr\/wp-json\/wp\/v2\/types\/page"}],"author":[{"embeddable":true,"href":"https:\/\/photo-finish.app\/fr\/wp-json\/wp\/v2\/users\/1"}],"replies":[{"embeddable":true,"href":"https:\/\/photo-finish.app\/fr\/wp-json\/wp\/v2\/comments?post=11"}],"version-history":[{"count":25,"href":"https:\/\/photo-finish.app\/fr\/wp-json\/wp\/v2\/pages\/11\/revisions"}],"predecessor-version":[{"id":662,"href":"https:\/\/photo-finish.app\/fr\/wp-json\/wp\/v2\/pages\/11\/revisions\/662"}],"wp:featuredmedia":[{"embeddable":true,"href":"https:\/\/photo-finish.app\/fr\/wp-json\/wp\/v2\/media\/65"}],"wp:attachment":[{"href":"https:\/\/photo-finish.app\/fr\/wp-json\/wp\/v2\/media?parent=11"}],"curies":[{"name":"wp","href":"https:\/\/api.w.org\/{rel}","templated":true}]}}