{"id":483,"date":"2025-10-20T16:42:40","date_gmt":"2025-10-20T20:42:40","guid":{"rendered":"https:\/\/photo-finish.app\/?page_id=483"},"modified":"2025-10-22T16:18:55","modified_gmt":"2025-10-22T20:18:55","slug":"privacy-policy","status":"publish","type":"page","link":"https:\/\/photo-finish.app\/it\/contacts-2\/privacy-policy\/","title":{"rendered":"Informativa sulla privacy"},"content":{"rendered":"<h2>Informativa sulla privacy per Photo-finish<\/h2>\n<h3>Data di entrata in vigore: 2025-10-02<\/h3>\n<p class=\"has-medium-font-size\">Sport app studio (&#8220;noi&#8221; o &#8220;nostro&#8221;) ha sviluppato l&#8217;app Photo-finish (il &#8220;Servizio&#8221;) come applicazione commerciale. Questo Servizio \u00e8 fornito da Sport app studio ed \u00e8 destinato all&#8217;uso cos\u00ec com&#8217;\u00e8.<\/p>\n<p class=\"has-medium-font-size\">Questa pagina informa sulle nostre politiche riguardanti la raccolta, l&#8217;uso e la divulgazione dei dati personali quando si utilizza il nostro Servizio e sulle scelte associate a tali dati.<\/p>\n<p class=\"has-medium-font-size\">Utilizzando il Servizio, accetti la raccolta e l&#8217;uso delle informazioni in conformit\u00e0 con questa politica. I termini utilizzati in questa Informativa sulla privacy hanno lo stesso significato dei nostri Termini e condizioni, accessibili su Photo-finish, salvo diversa definizione nella presente Informativa.<\/p>\n<h3>Raccolta e utilizzo delle informazioni<\/h3>\n<p class=\"has-medium-font-size\">Raccogliamo diversi tipi di informazioni per varie finalit\u00e0 al fine di fornire e migliorare il nostro Servizio.<\/p>\n<h4>1. Dati raccolti<\/h4>\n<h5>Accesso alla fotocamera<\/h5>\n<p>Il nostro Servizio richiede l&#8217;accesso alla fotocamera del tuo dispositivo. Tale accesso \u00e8 utilizzato esclusivamente per la funzionalit\u00e0 principale dell&#8217;app, ovvero catturare foto e video per l&#8217;analisi photo-finish. Le immagini e i video catturati vengono elaborati e archiviati localmente sul dispositivo. Non carichiamo n\u00e9 archiviamo foto o video sui nostri server.<\/p>\n<h5>Dati di registro<\/h5>\n<p>In caso di errore dell&#8217;app, potremmo raccogliere informazioni sul telefono chiamate Dati di registro, tramite servizi di terze parti. Questi dati possono includere indirizzo IP del dispositivo, nome del dispositivo, versione del sistema operativo, configurazione dell&#8217;app al momento dell&#8217;errore, data e ora dell&#8217;utilizzo del Servizio e altre statistiche diagnostiche. Questi dati vengono utilizzati esclusivamente per identificare e correggere errori e migliorare la stabilit\u00e0 dell&#8217;app.<\/p>\n<h4>2. Servizi di terze parti<\/h4>\n<p class=\"has-medium-font-size\">La nostra app utilizza servizi di terze parti che possono raccogliere informazioni. Di seguito \u00e8 riportato un elenco dei servizi di terze parti utilizzati e i link alle loro informative sulla privacy.<\/p>\n<ul>\n<li><strong>Esempio per segnalazione errori:<\/strong> <code>Firebase Crashlytics<\/code> \u2013 Utilizziamo questo servizio per identificare crash ed errori nella nostra app e migliorarne la stabilit\u00e0. (<a href=\"https:\/\/firebase.google.com\/support\/privacy\" target=\"_blank\" rel=\"noreferrer noopener\">Link all&#8217;informativa sulla privacy di Firebase<\/a>)<\/li>\n<li><strong>Esempio per analisi:<\/strong> <code>Google Analytics for Firebase<\/code> \u2013 Utilizziamo questo servizio per comprendere come gli utenti interagiscono con la nostra app e migliorare l&#8217;esperienza utente. (<a href=\"https:\/\/policies.google.com\/privacy\" target=\"_blank\" rel=\"noreferrer noopener\">Link alla politica di Google<\/a>)<\/li>\n<\/ul>\n<h3>Conservazione ed eliminazione dei dati<\/h3>\n<p class=\"has-medium-font-size\">Conserviamo i dati di registro per un periodo limitato ai fini della risoluzione dei bug e dell&#8217;analisi. Poich\u00e9 tutte le foto e i video sono archiviati localmente sul tuo dispositivo, non abbiamo accesso a tali dati e non possiamo eliminarli. Hai il pieno controllo di questi dati e puoi eliminarli in qualsiasi momento dal tuo dispositivo.<\/p>\n<p class=\"has-medium-font-size\">Se ci hai fornito altri dati personali e desideri richiederne l&#8217;eliminazione, contattaci all&#8217;indirizzo <strong>support@photo-finish.app<\/strong>. Risponderemo alla tua richiesta in conformit\u00e0 con le leggi vigenti.<\/p>\n<h3>Sicurezza<\/h3>\n<p class=\"has-medium-font-size\">Apprezziamo la tua fiducia nel fornirci le tue informazioni personali. Anche se cerchiamo di utilizzare mezzi commercialmente accettabili per proteggerle, ricorda che nessun metodo di trasmissione via Internet o di archiviazione elettronica \u00e8 sicuro al 100% e non possiamo garantirne la sicurezza assoluta.<\/p>\n<h3>Link ad altri siti<\/h3>\n<p class=\"has-medium-font-size\">Questo Servizio pu\u00f2 contenere link ad altri siti. Se fai clic su un link di terze parti, verrai indirizzato a quel sito. Tieni presente che questi siti esterni non sono gestiti da noi. Ti consigliamo vivamente di leggere l&#8217;Informativa sulla privacy di questi siti. Non abbiamo alcun controllo n\u00e9 ci assumiamo responsabilit\u00e0 per i contenuti, le politiche o le pratiche di qualsiasi sito o servizio di terze parti.<\/p>\n<h3>Privacy dei minori<\/h3>\n<p class=\"has-medium-font-size\">Il nostro Servizio non \u00e8 destinato a persone di et\u00e0 inferiore ai 13 anni. Non raccogliamo consapevolmente informazioni personali da minori di 13 anni. Se scopriamo che un minore di 13 anni ci ha fornito informazioni personali, le elimineremo immediatamente. Se sei un genitore o un tutore e sei a conoscenza che tuo figlio ci ha fornito informazioni personali, contattaci in modo che possiamo intraprendere le azioni necessarie.<\/p>\n<h3>Modifiche alla presente informativa sulla privacy<\/h3>\n<p class=\"has-medium-font-size\">Potremmo aggiornare di tanto in tanto la nostra informativa sulla privacy. Ti consigliamo quindi di controllare periodicamente questa pagina per eventuali modifiche. Ti informeremo di eventuali cambiamenti pubblicando la nuova informativa sulla privacy su questa pagina. Le modifiche entreranno in vigore immediatamente dopo la pubblicazione.<\/p>\n<h3>Contattaci<\/h3>\n<p class=\"has-medium-font-size\">Se hai domande o suggerimenti riguardanti la nostra informativa sulla privacy, non esitare a contattarci all&#8217;indirizzo <strong>support@photo-finish.app<\/strong>.<\/p>\n","protected":false},"excerpt":{"rendered":"<p>Informativa sulla privacy per Photo-finish Data di entrata in vigore: 2025-10-02 Sport app studio (&#8220;noi&#8221; o &#8220;nostro&#8221;) ha sviluppato l&#8217;app Photo-finish (il &#8220;Servizio&#8221;) come applicazione commerciale. Questo Servizio \u00e8 fornito da Sport app studio ed \u00e8 destinato all&#8217;uso cos\u00ec com&#8217;\u00e8. Questa pagina informa sulle nostre politiche riguardanti la raccolta, l&#8217;uso e la divulgazione dei dati &hellip; <\/p>\n<p class=\"link-more\"><a href=\"https:\/\/photo-finish.app\/it\/contacts-2\/privacy-policy\/\" class=\"more-link\">Leggi tutto<span class=\"screen-reader-text\"> &#8220;Informativa sulla privacy&#8221;<\/span><\/a><\/p>\n","protected":false},"author":1,"featured_media":56,"parent":411,"menu_order":0,"comment_status":"closed","ping_status":"closed","template":"","meta":{"footnotes":""},"class_list":["post-483","page","type-page","status-publish","has-post-thumbnail","hentry"],"translation":{"provider":"WPGlobus","version":"3.0.2","language":"it","enabled_languages":["en","es","de","fr","ru","zh","it","ja","ko","el","pt"],"languages":{"en":{"title":true,"content":true,"excerpt":false},"es":{"title":true,"content":true,"excerpt":false},"de":{"title":true,"content":true,"excerpt":false},"fr":{"title":true,"content":true,"excerpt":false},"ru":{"title":true,"content":true,"excerpt":false},"zh":{"title":true,"content":true,"excerpt":false},"it":{"title":true,"content":true,"excerpt":false},"ja":{"title":true,"content":true,"excerpt":false},"ko":{"title":true,"content":true,"excerpt":false},"el":{"title":true,"content":true,"excerpt":false},"pt":{"title":true,"content":true,"excerpt":false}}},"_links":{"self":[{"href":"https:\/\/photo-finish.app\/it\/wp-json\/wp\/v2\/pages\/483","targetHints":{"allow":["GET"]}}],"collection":[{"href":"https:\/\/photo-finish.app\/it\/wp-json\/wp\/v2\/pages"}],"about":[{"href":"https:\/\/photo-finish.app\/it\/wp-json\/wp\/v2\/types\/page"}],"author":[{"embeddable":true,"href":"https:\/\/photo-finish.app\/it\/wp-json\/wp\/v2\/users\/1"}],"replies":[{"embeddable":true,"href":"https:\/\/photo-finish.app\/it\/wp-json\/wp\/v2\/comments?post=483"}],"version-history":[{"count":11,"href":"https:\/\/photo-finish.app\/it\/wp-json\/wp\/v2\/pages\/483\/revisions"}],"predecessor-version":[{"id":672,"href":"https:\/\/photo-finish.app\/it\/wp-json\/wp\/v2\/pages\/483\/revisions\/672"}],"up":[{"embeddable":true,"href":"https:\/\/photo-finish.app\/it\/wp-json\/wp\/v2\/pages\/411"}],"wp:featuredmedia":[{"embeddable":true,"href":"https:\/\/photo-finish.app\/it\/wp-json\/wp\/v2\/media\/56"}],"wp:attachment":[{"href":"https:\/\/photo-finish.app\/it\/wp-json\/wp\/v2\/media?parent=483"}],"curies":[{"name":"wp","href":"https:\/\/api.w.org\/{rel}","templated":true}]}}