{"id":11,"date":"2021-03-19T15:02:18","date_gmt":"2021-03-19T19:02:18","guid":{"rendered":"http:\/\/photo-finish.app\/?page_id=11"},"modified":"2025-10-22T16:10:16","modified_gmt":"2025-10-22T20:10:16","slug":"news-2","status":"publish","type":"page","link":"https:\/\/photo-finish.app\/pt\/news-2\/","title":{"rendered":"Not\u00edcias"},"content":{"rendered":"<ul class=\"wp-block-latest-posts__list has-dates wp-block-latest-posts\"><li><a class=\"wp-block-latest-posts__post-title\" href=\"https:\/\/photo-finish.app\/pt\/2025\/10\/21\/save-video-feature-added\/\">Funcionalidade de guardar v\u00eddeo adicionada<\/a><time datetime=\"2025-10-21T11:49:51-04:00\" class=\"wp-block-latest-posts__post-date\">2025-10-21<\/time><div class=\"wp-block-latest-posts__post-excerpt\">Nova funcionalidade na vers\u00e3o Android. Agora pode n\u00e3o s\u00f3 obter a imagem photo-finish, mas tamb\u00e9m gravar o v\u00eddeo em c\u00e2mara lenta da chegada. Grava o mesmo per\u00edodo: 2 segundos antes e 2 segundos depois de premir o bot\u00e3o de grava\u00e7\u00e3o.<\/div><\/li>\n<li><a class=\"wp-block-latest-posts__post-title\" href=\"https:\/\/photo-finish.app\/pt\/2025\/08\/12\/online-version-released\/\">Vers\u00e3o web lan\u00e7ada<\/a><time datetime=\"2025-08-12T17:12:39-04:00\" class=\"wp-block-latest-posts__post-date\">2025-08-12<\/time><div class=\"wp-block-latest-posts__post-excerpt\">A vers\u00e3o online funciona agora em modo beta. Experimente gratuitamente https:\/\/photo-finish.app\/web\/ A trabalhar para adicionar mais funcionalidades.<\/div><\/li>\n<li><a class=\"wp-block-latest-posts__post-title\" href=\"https:\/\/photo-finish.app\/pt\/2025\/01\/22\/one-click-recording-feature-is-released-on-android-iphone-mac\/\">Funcionalidade de grava\u00e7\u00e3o com um clique lan\u00e7ada no Android, iPhone, Mac<\/a><time datetime=\"2025-01-22T16:05:00-05:00\" class=\"wp-block-latest-posts__post-date\">2025-01-22<\/time><div class=\"wp-block-latest-posts__post-excerpt\">Agora n\u00e3o precisa de iniciar e parar a grava\u00e7\u00e3o. Basta clicar no bot\u00e3o Gravar quando o atleta cruzar a linha de meta. N\u00e3o se preocupe se clicar um pouco cedo ou tarde. A aplica\u00e7\u00e3o gravar\u00e1 automaticamente 3 segundos antes e 3 segundos depois do clique. Se v\u00e1rios atletas cruzarem a meta, pode clicar em Gravar &hellip; <p class=\"link-more\"><a href=\"https:\/\/photo-finish.app\/pt\/2025\/01\/22\/one-click-recording-feature-is-released-on-android-iphone-mac\/\" class=\"more-link\">Continuar a ler <span class=\"screen-reader-text\">&#8220;Funcionalidade de grava\u00e7\u00e3o com um clique lan\u00e7ada no Android, iPhone, Mac&#8221;<\/span><\/a><\/p><\/div><\/li>\n<li><a class=\"wp-block-latest-posts__post-title\" href=\"https:\/\/photo-finish.app\/pt\/2023\/07\/28\/iphone-and-ipad-version-released\/\">Vers\u00e3o para iPhone e iPad lan\u00e7ada<\/a><time datetime=\"2023-07-28T11:10:03-04:00\" class=\"wp-block-latest-posts__post-date\">2023-07-28<\/time><div class=\"wp-block-latest-posts__post-excerpt\">Agora a aplica\u00e7\u00e3o est\u00e1 dispon\u00edvel na plataforma iOS. https:\/\/apps.apple.com\/cy\/app\/photo-finish-app\/id1638534762<\/div><\/li>\n<li><a class=\"wp-block-latest-posts__post-title\" href=\"https:\/\/photo-finish.app\/pt\/2022\/10\/17\/the-mac-version-is-released\/\">Vers\u00e3o Mac lan\u00e7ada<\/a><time datetime=\"2022-10-17T13:16:12-04:00\" class=\"wp-block-latest-posts__post-date\">2022-10-17<\/time><div class=\"wp-block-latest-posts__post-excerpt\">Desfrute da nossa aplica\u00e7\u00e3o na plataforma de desktop. Agora dispon\u00edvel na App Store para MacOs a partir de Mojave (10.16). Permite usar uma webcam USB para obter imagens de photo finish. https:\/\/apps.apple.com\/app\/photo-finish-app\/id1638534762<\/div><\/li>\n<li><a class=\"wp-block-latest-posts__post-title\" href=\"https:\/\/photo-finish.app\/pt\/2022\/02\/22\/2-0-version-released\/\">Vers\u00e3o 2.0 lan\u00e7ada<\/a><time datetime=\"2022-02-22T11:34:57-05:00\" class=\"wp-block-latest-posts__post-date\">2022-02-22<\/time><div class=\"wp-block-latest-posts__post-excerpt\">Apresentamos a nova funcionalidade de &#8220;sincroniza\u00e7\u00e3o de cron\u00f3metro&#8221;. 1. Agora pode &#8220;partilhar&#8221; o tempo de in\u00edcio do cron\u00f3metro entre dispositivos. 2. Defina o cron\u00f3metro principal como servidor. Ser\u00e1 gerado um ID de servidor. 3. Defina outros dispositivos como clientes e introduza o ID do servidor. Agora o tempo do cron\u00f3metro em todos os dispositivos cliente &hellip; <p class=\"link-more\"><a href=\"https:\/\/photo-finish.app\/pt\/2022\/02\/22\/2-0-version-released\/\" class=\"more-link\">Continuar a ler <span class=\"screen-reader-text\">&#8220;Vers\u00e3o 2.0 lan\u00e7ada&#8221;<\/span><\/a><\/p><\/div><\/li>\n<li><a class=\"wp-block-latest-posts__post-title\" href=\"https:\/\/photo-finish.app\/pt\/2021\/12\/25\/the-new-1-10-version-is-released\/\">A nova vers\u00e3o 1.10 foi lan\u00e7ada<\/a><time datetime=\"2021-12-25T13:39:39-05:00\" class=\"wp-block-latest-posts__post-date\">2021-12-25<\/time><div class=\"wp-block-latest-posts__post-excerpt\">Agora pode usar um gesto de pin\u00e7a ou duplo clique para dimensionar a imagem resultante. As defini\u00e7\u00f5es da aplica\u00e7\u00e3o agora podem controlar a cor da escala.<\/div><\/li>\n<li><a class=\"wp-block-latest-posts__post-title\" href=\"https:\/\/photo-finish.app\/pt\/2021\/04\/14\/we-are-alive\/\">A primeira vers\u00e3o foi lan\u00e7ada!<\/a><time datetime=\"2021-04-14T10:11:43-04:00\" class=\"wp-block-latest-posts__post-date\">2021-04-14<\/time><div class=\"wp-block-latest-posts__post-excerpt\">Encontre a nossa aplica\u00e7\u00e3o no Google Play. https:\/\/play.google.com\/store\/apps\/details?id=com.photofinish<\/div><\/li>\n<\/ul>","protected":false},"excerpt":{"rendered":"","protected":false},"author":1,"featured_media":65,"parent":0,"menu_order":0,"comment_status":"closed","ping_status":"closed","template":"","meta":{"footnotes":""},"class_list":["post-11","page","type-page","status-publish","has-post-thumbnail","hentry"],"translation":{"provider":"WPGlobus","version":"3.0.2","language":"pt","enabled_languages":["en","es","de","fr","ru","zh","it","ja","ko","el","pt"],"languages":{"en":{"title":true,"content":true,"excerpt":false},"es":{"title":true,"content":true,"excerpt":false},"de":{"title":true,"content":true,"excerpt":false},"fr":{"title":true,"content":true,"excerpt":false},"ru":{"title":true,"content":true,"excerpt":false},"zh":{"title":true,"content":true,"excerpt":false},"it":{"title":true,"content":true,"excerpt":false},"ja":{"title":true,"content":true,"excerpt":false},"ko":{"title":true,"content":true,"excerpt":false},"el":{"title":true,"content":true,"excerpt":false},"pt":{"title":true,"content":true,"excerpt":false}}},"_links":{"self":[{"href":"https:\/\/photo-finish.app\/pt\/wp-json\/wp\/v2\/pages\/11","targetHints":{"allow":["GET"]}}],"collection":[{"href":"https:\/\/photo-finish.app\/pt\/wp-json\/wp\/v2\/pages"}],"about":[{"href":"https:\/\/photo-finish.app\/pt\/wp-json\/wp\/v2\/types\/page"}],"author":[{"embeddable":true,"href":"https:\/\/photo-finish.app\/pt\/wp-json\/wp\/v2\/users\/1"}],"replies":[{"embeddable":true,"href":"https:\/\/photo-finish.app\/pt\/wp-json\/wp\/v2\/comments?post=11"}],"version-history":[{"count":25,"href":"https:\/\/photo-finish.app\/pt\/wp-json\/wp\/v2\/pages\/11\/revisions"}],"predecessor-version":[{"id":662,"href":"https:\/\/photo-finish.app\/pt\/wp-json\/wp\/v2\/pages\/11\/revisions\/662"}],"wp:featuredmedia":[{"embeddable":true,"href":"https:\/\/photo-finish.app\/pt\/wp-json\/wp\/v2\/media\/65"}],"wp:attachment":[{"href":"https:\/\/photo-finish.app\/pt\/wp-json\/wp\/v2\/media?parent=11"}],"curies":[{"name":"wp","href":"https:\/\/api.w.org\/{rel}","templated":true}]}}