{"id":363,"date":"2025-10-20T12:31:44","date_gmt":"2025-10-20T16:31:44","guid":{"rendered":"https:\/\/photo-finish.app\/?page_id=363"},"modified":"2025-10-22T16:38:53","modified_gmt":"2025-10-22T20:38:53","slug":"instruction","status":"publish","type":"page","link":"https:\/\/photo-finish.app\/pt\/instruction\/","title":{"rendered":"Instru\u00e7\u00f5es"},"content":{"rendered":"\n<ol class=\"wp-block-list has-medium-font-size\">\n<li><span style=\"font-weight: 400;\">Aponte a c\u00e2mera para a linha de chegada. A linha cont\u00ednua deve apontar para a chegada. A linha tracejada mostra a borda do quadro.<\/span><\/li>\n\n\n\n<li><span style=\"font-weight: 400;\">Selecione a dire\u00e7\u00e3o correta.<\/span><\/li>\n\n\n\n<li><span style=\"font-weight: 400;\">Selecione a largura adequada do quadro.<\/span><\/li>\n\n\n\n<li><span style=\"font-weight: 400;\">Inicie o cron\u00f4metro no in\u00edcio da corrida.<\/span><\/li>\n\n\n\n<li><span style=\"font-weight: 400;\">Quando o vencedor se aproximar da linha de chegada, clique no bot\u00e3o de grava\u00e7\u00e3o.<\/span> N\u00e3o se preocupe se clicar um pouco cedo ou tarde. O sistema captura automaticamente 3 segundos antes e 3 segundos depois do clique.<\/li>\n\n\n\n<li>Role a imagem do resultado para a direita e para a esquerda. <span style=\"font-weight: 400;\">Encontre o quadro em que o vencedor cruza a linha de chegada. O carimbo de tempo na linha do cursor mostra o resultado preciso.<\/span><\/li>\n<\/ol>\n\n\n\n<h1 class=\"wp-block-heading\"><span style=\"font-weight: 400;\">Dire\u00e7\u00e3o<\/span><\/h1>\n\n\n\n<p class=\"has-medium-font-size\"><span style=\"font-weight: 400;\">O aplicativo usa a t\u00e9cnica de foto-fenda. Combina uma s\u00e9rie de quadros para gerar a imagem final em ordem cronol\u00f3gica. A escala no topo da imagem final mostra uma linha do tempo aproximada. Os n\u00fameros na parte inferior de cada quadro mostram os milissegundos do carimbo de tempo.<\/span><\/p>\n\n\n\n<p class=\"has-medium-font-size\"><span style=\"font-weight: 400;\">Dependendo de como o vencedor se aproxima da linha de chegada, \u00e9 mais conveniente combinar os quadros na ordem \u201cda esquerda para a direita\u201d ou \u201cda direita para a esquerda\u201d.<\/span><\/p>\n\n\n\n<h1 class=\"wp-block-heading\"><span style=\"font-weight: 400;\">Largura do quadro<\/span><\/h1>\n\n\n\n<p class=\"has-medium-font-size\"><span style=\"font-weight: 400;\">Esta configura\u00e7\u00e3o depende da dist\u00e2ncia entre voc\u00ea e a linha de chegada e da velocidade do vencedor. Se voc\u00ea estiver muito pr\u00f3ximo ou o vencedor for muito r\u00e1pido, ele pode atravessar o quadro r\u00e1pido demais para obter uma imagem n\u00edtida. Portanto, \u00e9 melhor aumentar a largura da imagem. Por outro lado, o tamanho da imagem final \u00e9 limitado. Se o quadro for muito largo, voc\u00ea ter\u00e1 menos tempo para registrar o resultado do vencedor.<\/span><\/p>\n\n\n\n<h1 class=\"wp-block-heading\"><span style=\"font-weight: 400;\">Precis\u00e3o<\/span><\/h1>\n\n\n\n<p class=\"has-medium-font-size\"><span style=\"font-weight: 400;\">A precis\u00e3o estimada do cron\u00f4metro \u00e9 cerca de 0,05 s. Depende principalmente da taxa de quadros da c\u00e2mera do dispositivo. Telefones padr\u00e3o suportam 30 fps, 1\/30 = 0,033 s. Se o desempenho do dispositivo for baixo, o aplicativo pode pular alguns quadros.<\/span><\/p>\n\n\n\n<p class=\"has-medium-font-size\">Para telefones com c\u00e2mera de alta velocidade (como o iPhone), o aplicativo pode usar FPS m\u00e1ximo de 240. A precis\u00e3o ser\u00e1 ent\u00e3o 1\/240 = 0,00417 s.<\/p>\n\n\n\n<h1 class=\"wp-block-heading\"><span style=\"font-weight: 400;\">Dicas<\/span><\/h1>\n\n\n\n<ol class=\"wp-block-list has-medium-font-size\">\n<li><span style=\"font-weight: 400;\">Fa\u00e7a alguns testes antes de usar o aplicativo na final ol\u00edmpica para garantir que o melhor ponto de vista e configura\u00e7\u00f5es foram selecionados.<\/span><\/li>\n\n\n\n<li><span style=\"font-weight: 400;\">Voc\u00ea pode usar os bot\u00f5es de volume para iniciar o cron\u00f4metro e a grava\u00e7\u00e3o.<\/span><\/li>\n\n\n\n<li><span style=\"font-weight: 400;\">Use um trip\u00e9 ou outro suporte para estabilizar a c\u00e2mera e obter imagens suaves.<\/span><\/li>\n\n\n\n<li><span style=\"font-weight: 400;\">Para manter o dispositivo apontado diretamente para a linha de chegada, voc\u00ea pode usar um fone de ouvido ou controle remoto Bluetooth de um bast\u00e3o de selfie.<\/span><\/li>\n\n\n\n<li><span style=\"font-weight: 400;\">Fa\u00e7a grava\u00e7\u00f5es de diferentes pontos para garantir que todos os atletas e a linha de chegada estejam vis\u00edveis.<\/span><\/li>\n\n\n\n<li><span style=\"font-weight: 400;\">Certifique-se de que seu dispositivo est\u00e1 carregado.<\/span><\/li>\n\n\n\n<li><span style=\"font-weight: 400;\">Se o contraste n\u00e3o for suficiente, voc\u00ea pode colocar uma tela branca atr\u00e1s da linha de chegada.<\/span><\/li>\n<\/ol>\n\n\n\n<h1 class=\"wp-block-heading\"><span style=\"font-weight: 400;\">Recursos adicionais<\/span><\/h1>\n\n\n\n<ol class=\"wp-block-list has-medium-font-size\">\n<li><span style=\"font-weight: 400;\">Use a galeria para visualizar o hist\u00f3rico das imagens de resultados.<\/span><\/li>\n\n\n\n<li>Se o seu telefone tiver c\u00e2mera de alta velocidade, ative a op\u00e7\u00e3o \u201cUsar velocidade m\u00e1xima da c\u00e2mera\u201d para aumentar a precis\u00e3o.<\/li>\n\n\n\n<li><span style=\"font-weight: 400;\">Compartilhe as imagens de resultados com seus amigos.<\/span><\/li>\n\n\n\n<li><span style=\"font-weight: 400;\">Use o gesto de pin\u00e7a ou duplo clique para ampliar a imagem do resultado.<\/span><\/li>\n\n\n\n<li><span style=\"font-weight: 400;\">Use os bot\u00f5es de volume, controle Bluetooth ou fone de ouvido para iniciar\/parar o cron\u00f4metro e a grava\u00e7\u00e3o quando o dispositivo estiver fixado no trip\u00e9.<\/span><\/li>\n\n\n\n<li><span style=\"font-weight: 400;\">Use as configura\u00e7\u00f5es do aplicativo para controlar a largura m\u00e1xima do resultado, cor da escala, som, etc.<\/span><\/li>\n\n\n\n<li><span style=\"font-weight: 400;\">Use seu dispositivo como pistola de largada. Ele reproduzir\u00e1 o som do disparo e dar\u00e1 um sinal de flash para iniciar a corrida.<\/span><\/li>\n\n\n\n<li>Adicione bandeiras para marcar os quadros com resultados.<\/li>\n\n\n\n<li>Use o modo copiar-colar para medir o tempo entre dois eventos. Por exemplo, grave o flash de largada, copie o timestamp do quadro inicial, depois grave o momento da chegada e use o timestamp de in\u00edcio para recalcular os timestamps da chegada. Os timestamps do resultado mostrar\u00e3o o tempo decorrido desde a largada.<\/li>\n\n\n\n<li>Use o modo copiar-colar para definir o hor\u00e1rio exato de in\u00edcio do cron\u00f4metro. Grave o flash de largada, copie o timestamp do quadro inicial e cole como in\u00edcio do cron\u00f4metro.<\/li>\n\n\n\n<li>Sincronize o cron\u00f4metro entre v\u00e1rios dispositivos. Configure o dispositivo principal como servidor e obtenha o ID do servidor. Configure os outros dispositivos como clientes e insira o ID para conect\u00e1-los. Os clientes mostrar\u00e3o o cron\u00f4metro do dispositivo principal. Quando iniciar ou reiniciar, os clientes sincronizam automaticamente. Esse recurso usa a tecnologia NTP para fornecer sincroniza\u00e7\u00e3o precisa, mesmo que os dispositivos tenham hora incorreta.<\/li>\n\n\n\n<li>Use o modo copiar-colar para definir o hor\u00e1rio exato de in\u00edcio e configure este dispositivo como servidor para sincroniza\u00e7\u00e3o. V\u00e1rios dispositivos ter\u00e3o o cron\u00f4metro preciso.<\/li>\n<\/ol>\n\n\n\n<p><\/p>\n","protected":false},"excerpt":{"rendered":"<p>Aponte a c\u00e2mera para a linha de chegada. A linha cont\u00ednua deve apontar para a chegada. A linha tracejada mostra a borda do quadro. Selecione a dire\u00e7\u00e3o correta. Selecione a largura adequada do quadro. Inicie o cron\u00f4metro no in\u00edcio da corrida. Quando o vencedor se aproximar da linha de chegada, clique no bot\u00e3o de grava\u00e7\u00e3o. &hellip; <\/p>\n<p class=\"link-more\"><a href=\"https:\/\/photo-finish.app\/pt\/instruction\/\" class=\"more-link\">Continuar a ler <span class=\"screen-reader-text\">&#8220;Instru\u00e7\u00f5es&#8221;<\/span><\/a><\/p>\n","protected":false},"author":1,"featured_media":137,"parent":0,"menu_order":0,"comment_status":"closed","ping_status":"closed","template":"","meta":{"footnotes":""},"class_list":["post-363","page","type-page","status-publish","has-post-thumbnail","hentry"],"translation":{"provider":"WPGlobus","version":"3.0.2","language":"pt","enabled_languages":["en","es","de","fr","ru","zh","it","ja","ko","el","pt"],"languages":{"en":{"title":true,"content":true,"excerpt":false},"es":{"title":true,"content":true,"excerpt":false},"de":{"title":true,"content":true,"excerpt":false},"fr":{"title":true,"content":true,"excerpt":false},"ru":{"title":true,"content":true,"excerpt":false},"zh":{"title":true,"content":true,"excerpt":false},"it":{"title":true,"content":true,"excerpt":false},"ja":{"title":true,"content":true,"excerpt":false},"ko":{"title":true,"content":true,"excerpt":false},"el":{"title":true,"content":true,"excerpt":false},"pt":{"title":true,"content":true,"excerpt":false}}},"_links":{"self":[{"href":"https:\/\/photo-finish.app\/pt\/wp-json\/wp\/v2\/pages\/363","targetHints":{"allow":["GET"]}}],"collection":[{"href":"https:\/\/photo-finish.app\/pt\/wp-json\/wp\/v2\/pages"}],"about":[{"href":"https:\/\/photo-finish.app\/pt\/wp-json\/wp\/v2\/types\/page"}],"author":[{"embeddable":true,"href":"https:\/\/photo-finish.app\/pt\/wp-json\/wp\/v2\/users\/1"}],"replies":[{"embeddable":true,"href":"https:\/\/photo-finish.app\/pt\/wp-json\/wp\/v2\/comments?post=363"}],"version-history":[{"count":11,"href":"https:\/\/photo-finish.app\/pt\/wp-json\/wp\/v2\/pages\/363\/revisions"}],"predecessor-version":[{"id":691,"href":"https:\/\/photo-finish.app\/pt\/wp-json\/wp\/v2\/pages\/363\/revisions\/691"}],"wp:featuredmedia":[{"embeddable":true,"href":"https:\/\/photo-finish.app\/pt\/wp-json\/wp\/v2\/media\/137"}],"wp:attachment":[{"href":"https:\/\/photo-finish.app\/pt\/wp-json\/wp\/v2\/media?parent=363"}],"curies":[{"name":"wp","href":"https:\/\/api.w.org\/{rel}","templated":true}]}}